{"id":5857,"date":"2020-07-27T09:53:34","date_gmt":"2020-07-27T09:53:34","guid":{"rendered":"https:\/\/medcatyachts.com\/\/?page_id=5857"},"modified":"2023-08-23T09:18:00","modified_gmt":"2023-08-23T09:18:00","slug":"marca-zar-mini","status":"publish","type":"page","link":"https:\/\/medcatyachts.com\/en\/marca-zar-mini\/","title":{"rendered":"Marca &#8211; Zar Mini"},"content":{"rendered":"<p>[et_pb_section fb_built=&#8221;1&#8243; fullwidth=&#8221;on&#8221; _builder_version=&#8221;4.16&#8243; bottom_divider_color=&#8221;#ffffff&#8221; bottom_divider_height_tablet=&#8221;&#8221; bottom_divider_height_phone=&#8221;50px&#8221; bottom_divider_height_last_edited=&#8221;on|phone&#8221; animation_style=&#8221;slide&#8221; animation_direction=&#8221;top&#8221; animation_intensity_slide=&#8221;4%&#8221; global_colors_info=&#8221;{}&#8221;][et_pb_fullwidth_image src=&#8221;https:\/\/medcatyachts.com\/\/wp-content\/uploads\/2022\/08\/LUX18-5-1500&#215;999-1.jpeg&#8221; alt=&#8221;zarmini-luxury-18-rider-6&#8243; title_text=&#8221;LUX18-5-1500&#215;999&#8243; _builder_version=&#8221;4.17.4&#8243; custom_margin=&#8221;-96px|||||&#8221; custom_padding=&#8221;28px|||||&#8221; global_colors_info=&#8221;{}&#8221;][\/et_pb_fullwidth_image][\/et_pb_section][et_pb_section fb_built=&#8221;1&#8243; admin_label=&#8221;Features&#8221; _builder_version=&#8221;4.16&#8243; custom_padding=&#8221;|||&#8221; global_colors_info=&#8221;{}&#8221;][et_pb_row _builder_version=&#8221;4.16&#8243; background_size=&#8221;initial&#8221; background_position=&#8221;top_left&#8221; background_repeat=&#8221;repeat&#8221; max_width=&#8221;700px&#8221; use_custom_width=&#8221;on&#8221; custom_width_px=&#8221;700px&#8221; global_colors_info=&#8221;{}&#8221;][et_pb_column type=&#8221;4_4&#8243; _builder_version=&#8221;4.16&#8243; custom_padding=&#8221;|||&#8221; global_colors_info=&#8221;{}&#8221; custom_padding__hover=&#8221;|||&#8221;][et_pb_image src=&#8221;https:\/\/medcatyachts.com\/\/wp-content\/uploads\/2020\/12\/logo-zar-mini-color.png&#8221; alt=&#8221;Zar-Mini-Logo&#8221; title_text=&#8221;Zar mini&#8221; align=&#8221;center&#8221; _builder_version=&#8221;4.17.4&#8243; _module_preset=&#8221;default&#8221; global_colors_info=&#8221;{}&#8221;][\/et_pb_image][\/et_pb_column][\/et_pb_row][et_pb_row _builder_version=&#8221;4.16&#8243; custom_margin=&#8221;|||&#8221; custom_padding=&#8221;0|0px|27px|0px|false|false&#8221; global_colors_info=&#8221;{}&#8221;][et_pb_column type=&#8221;4_4&#8243; _builder_version=&#8221;4.16&#8243; custom_padding=&#8221;|||&#8221; global_colors_info=&#8221;{}&#8221; custom_padding__hover=&#8221;|||&#8221;][et_pb_text _builder_version=&#8221;4.17.4&#8243; text_font=&#8221;||||||||&#8221; text_font_size=&#8221;18px&#8221; text_line_height=&#8221;1.8em&#8221; global_colors_info=&#8221;{}&#8221;]<\/p>\n<p><strong>Zar Mini<\/strong> es una marca con m\u00e1s de 40 a\u00f1os de experiencia en el mundo n\u00e1utico, concretamente en el mercado de las lanchas hinchables a motor. Vers\u00e1tiles y din\u00e1micas, con producci\u00f3n en Europa, se comercializan en Italia, Espa\u00f1a y Alemania, asegurando todos los est\u00e1ndares de calidad y con la tecnolog\u00eda m\u00e1s innovadora.<\/p>\n<p>Una marca que refleja elegancia, seguridad y dinamismo en todos sus aspectos, garantizando el respeto al medio-ambiente con materiales 100% reciclables.<\/p>\n<p>[\/et_pb_text][\/et_pb_column][\/et_pb_row][\/et_pb_section][et_pb_section fb_built=&#8221;1&#8243; admin_label=&#8221;Related Listings&#8221; _builder_version=&#8221;4.16&#8243; custom_padding=&#8221;0px|0px|0px|0px|true|false&#8221; locked=&#8221;off&#8221; global_colors_info=&#8221;{}&#8221;][et_pb_row _builder_version=&#8221;4.16&#8243; module_alignment=&#8221;center&#8221; use_custom_width=&#8221;on&#8221; locked=&#8221;off&#8221; global_colors_info=&#8221;{}&#8221;][et_pb_column type=&#8221;4_4&#8243; _builder_version=&#8221;4.16&#8243; custom_padding=&#8221;|||&#8221; global_colors_info=&#8221;{}&#8221; custom_padding__hover=&#8221;|||&#8221;][et_pb_text _builder_version=&#8221;4.17.4&#8243; text_font=&#8221;||||||||&#8221; text_line_height=&#8221;1.8em&#8221; header_font=&#8221;||||||||&#8221; header_2_font=&#8221;Teko||||||||&#8221; header_2_font_size=&#8221;96px&#8221; module_alignment=&#8221;center&#8221; custom_margin=&#8221;||0px|&#8221; header_2_font_size_tablet=&#8221;66px&#8221; header_2_font_size_phone=&#8221;36px&#8221; header_2_font_size_last_edited=&#8221;on|phone&#8221; global_colors_info=&#8221;{}&#8221;]<\/p>\n<h2>Neum\u00e1ticas &#8211; Lux<\/h2>\n<p>[\/et_pb_text][\/et_pb_column][\/et_pb_row][et_pb_row _builder_version=&#8221;4.16&#8243; global_colors_info=&#8221;{}&#8221;][et_pb_column type=&#8221;4_4&#8243; _builder_version=&#8221;4.16&#8243; global_colors_info=&#8221;{}&#8221;][et_pb_portfolio fullwidth=&#8221;off&#8221; include_categories=&#8221;45&#8243; _builder_version=&#8221;4.16&#8243; global_colors_info=&#8221;{}&#8221;][\/et_pb_portfolio][\/et_pb_column][\/et_pb_row][\/et_pb_section][et_pb_section fb_built=&#8221;1&#8243; admin_label=&#8221;Related Listings&#8221; _builder_version=&#8221;4.16&#8243; custom_padding=&#8221;0px|0px|0px|0px|true|false&#8221; locked=&#8221;off&#8221; global_colors_info=&#8221;{}&#8221;][et_pb_row _builder_version=&#8221;4.16&#8243; module_alignment=&#8221;center&#8221; use_custom_width=&#8221;on&#8221; locked=&#8221;off&#8221; global_colors_info=&#8221;{}&#8221;][et_pb_column type=&#8221;4_4&#8243; _builder_version=&#8221;4.16&#8243; custom_padding=&#8221;|||&#8221; global_colors_info=&#8221;{}&#8221; custom_padding__hover=&#8221;|||&#8221;][et_pb_text _builder_version=&#8221;4.17.4&#8243; text_font=&#8221;||||||||&#8221; text_line_height=&#8221;1.8em&#8221; header_font=&#8221;||||||||&#8221; header_2_font=&#8221;Teko||||||||&#8221; header_2_font_size=&#8221;96px&#8221; module_alignment=&#8221;center&#8221; custom_margin=&#8221;||0px|&#8221; header_2_font_size_tablet=&#8221;66px&#8221; header_2_font_size_phone=&#8221;36px&#8221; header_2_font_size_last_edited=&#8221;on|phone&#8221; global_colors_info=&#8221;{}&#8221;]<\/p>\n<h2>Neum\u00e1ticas &#8211; RIB<\/h2>\n<p>[\/et_pb_text][\/et_pb_column][\/et_pb_row][et_pb_row _builder_version=&#8221;4.17.4&#8243; global_colors_info=&#8221;{}&#8221;][et_pb_column type=&#8221;4_4&#8243; _builder_version=&#8221;4.16&#8243; global_colors_info=&#8221;{}&#8221;][et_pb_portfolio fullwidth=&#8221;off&#8221; include_categories=&#8221;47&#8243; _builder_version=&#8221;4.17.4&#8243; global_colors_info=&#8221;{}&#8221;][\/et_pb_portfolio][\/et_pb_column][\/et_pb_row][\/et_pb_section][et_pb_section fb_built=&#8221;1&#8243; admin_label=&#8221;Related Listings&#8221; _builder_version=&#8221;4.16&#8243; custom_padding=&#8221;0px|0px|0px|0px|true|false&#8221; locked=&#8221;off&#8221; global_colors_info=&#8221;{}&#8221;][et_pb_row _builder_version=&#8221;4.16&#8243; module_alignment=&#8221;center&#8221; use_custom_width=&#8221;on&#8221; locked=&#8221;off&#8221; global_colors_info=&#8221;{}&#8221;][et_pb_column type=&#8221;4_4&#8243; _builder_version=&#8221;4.16&#8243; custom_padding=&#8221;|||&#8221; global_colors_info=&#8221;{}&#8221; custom_padding__hover=&#8221;|||&#8221;][et_pb_text _builder_version=&#8221;4.17.4&#8243; text_font=&#8221;||||||||&#8221; text_line_height=&#8221;1.8em&#8221; header_font=&#8221;||||||||&#8221; header_2_font=&#8221;Teko||||||||&#8221; header_2_font_size=&#8221;96px&#8221; module_alignment=&#8221;center&#8221; custom_margin=&#8221;||0px|&#8221; header_2_font_size_tablet=&#8221;66px&#8221; header_2_font_size_phone=&#8221;36px&#8221; header_2_font_size_last_edited=&#8221;on|phone&#8221; global_colors_info=&#8221;{}&#8221;]<\/p>\n<h2>Neum\u00e1ticas &#8211; Air<\/h2>\n<p>[\/et_pb_text][\/et_pb_column][\/et_pb_row][et_pb_row _builder_version=&#8221;4.16&#8243; global_colors_info=&#8221;{}&#8221;][et_pb_column type=&#8221;4_4&#8243; _builder_version=&#8221;4.16&#8243; global_colors_info=&#8221;{}&#8221;][et_pb_portfolio fullwidth=&#8221;off&#8221; posts_number=&#8221;18&#8243; include_categories=&#8221;47&#8243; _builder_version=&#8221;4.16&#8243; global_colors_info=&#8221;{}&#8221;][\/et_pb_portfolio][\/et_pb_column][\/et_pb_row][\/et_pb_section]<\/p>\n","protected":false},"excerpt":{"rendered":"<p>[et_pb_section fb_built=&#8221;1&#8243; fullwidth=&#8221;on&#8221; _builder_version=&#8221;4.16&#8243; bottom_divider_color=&#8221;#ffffff&#8221; bottom_divider_height_tablet=&#8221;&#8221; bottom_divider_height_phone=&#8221;50px&#8221; bottom_divider_height_last_edited=&#8221;on|phone&#8221; animation_style=&#8221;slide&#8221; animation_direction=&#8221;top&#8221; animation_intensity_slide=&#8221;4%&#8221; global_colors_info=&#8221;{}&#8221;][et_pb_fullwidth_image src=&#8221;https:\/\/medcatyachts.com\/\/wp-content\/uploads\/2022\/08\/LUX18-5-1500&#215;999-1.jpeg&#8221; alt=&#8221;zarmini-luxury-18-rider-6&#8243; title_text=&#8221;LUX18-5-1500&#215;999&#8243; _builder_version=&#8221;4.17.4&#8243; custom_margin=&#8221;-96px|||||&#8221; custom_padding=&#8221;28px|||||&#8221; global_colors_info=&#8221;{}&#8221;][\/et_pb_fullwidth_image][\/et_pb_section][et_pb_section fb_built=&#8221;1&#8243; admin_label=&#8221;Features&#8221; _builder_version=&#8221;4.16&#8243; custom_padding=&#8221;|||&#8221; global_colors_info=&#8221;{}&#8221;][et_pb_row _builder_version=&#8221;4.16&#8243; background_size=&#8221;initial&#8221; background_position=&#8221;top_left&#8221; background_repeat=&#8221;repeat&#8221; max_width=&#8221;700px&#8221; use_custom_width=&#8221;on&#8221; custom_width_px=&#8221;700px&#8221; global_colors_info=&#8221;{}&#8221;][et_pb_column type=&#8221;4_4&#8243; _builder_version=&#8221;4.16&#8243; custom_padding=&#8221;|||&#8221; global_colors_info=&#8221;{}&#8221; custom_padding__hover=&#8221;|||&#8221;][et_pb_image src=&#8221;https:\/\/medcatyachts.com\/\/wp-content\/uploads\/2020\/12\/logo-zar-mini-color.png&#8221; alt=&#8221;Zar-Mini-Logo&#8221; title_text=&#8221;Zar mini&#8221; align=&#8221;center&#8221; _builder_version=&#8221;4.17.4&#8243; _module_preset=&#8221;default&#8221; global_colors_info=&#8221;{}&#8221;][\/et_pb_image][\/et_pb_column][\/et_pb_row][et_pb_row _builder_version=&#8221;4.16&#8243; custom_margin=&#8221;|||&#8221; custom_padding=&#8221;0|0px|27px|0px|false|false&#8221; global_colors_info=&#8221;{}&#8221;][et_pb_column type=&#8221;4_4&#8243; _builder_version=&#8221;4.16&#8243; custom_padding=&#8221;|||&#8221; global_colors_info=&#8221;{}&#8221; custom_padding__hover=&#8221;|||&#8221;][et_pb_text _builder_version=&#8221;4.17.4&#8243; [&hellip;]<\/p>\n","protected":false},"author":1,"featured_media":5303,"parent":0,"menu_order":0,"comment_status":"closed","ping_status":"closed","template":"","meta":{"_acf_changed":false,"footnotes":""},"class_list":["post-5857","page","type-page","status-publish","has-post-thumbnail","hentry"],"acf":[],"yoast_head":"<!-- This site is optimized with the Yoast SEO plugin v27.4 - https:\/\/yoast.com\/product\/yoast-seo-wordpress\/ -->\n<title>Marca - Zar Mini - Med Cat Yachts<\/title>\n<meta name=\"robots\" content=\"index, follow, max-snippet:-1, max-image-preview:large, max-video-preview:-1\" \/>\n<link rel=\"canonical\" href=\"https:\/\/medcatyachts.com\/en\/marca-zar-mini\/\" \/>\n<meta property=\"og:locale\" content=\"en_US\" \/>\n<meta property=\"og:type\" content=\"article\" \/>\n<meta property=\"og:title\" content=\"Marca - Zar Mini - Med Cat Yachts\" \/>\n<meta property=\"og:description\" content=\"[et_pb_section fb_built=&#8221;1&#8243; fullwidth=&#8221;on&#8221; _builder_version=&#8221;4.16&#8243; bottom_divider_color=&#8221;#ffffff&#8221; bottom_divider_height_tablet=&#8221;&#8221; bottom_divider_height_phone=&#8221;50px&#8221; bottom_divider_height_last_edited=&#8221;on|phone&#8221; animation_style=&#8221;slide&#8221; animation_direction=&#8221;top&#8221; animation_intensity_slide=&#8221;4%&#8221; global_colors_info=&#8221;{}&#8221;][et_pb_fullwidth_image src=&#8221;https:\/\/medcatyachts.com\/\/wp-content\/uploads\/2022\/08\/LUX18-5-1500&#215;999-1.jpeg&#8221; alt=&#8221;zarmini-luxury-18-rider-6&#8243; title_text=&#8221;LUX18-5-1500&#215;999&#8243; _builder_version=&#8221;4.17.4&#8243; custom_margin=&#8221;-96px|||||&#8221; custom_padding=&#8221;28px|||||&#8221; global_colors_info=&#8221;{}&#8221;][\/et_pb_fullwidth_image][\/et_pb_section][et_pb_section fb_built=&#8221;1&#8243; admin_label=&#8221;Features&#8221; _builder_version=&#8221;4.16&#8243; custom_padding=&#8221;|||&#8221; global_colors_info=&#8221;{}&#8221;][et_pb_row _builder_version=&#8221;4.16&#8243; background_size=&#8221;initial&#8221; background_position=&#8221;top_left&#8221; background_repeat=&#8221;repeat&#8221; max_width=&#8221;700px&#8221; use_custom_width=&#8221;on&#8221; custom_width_px=&#8221;700px&#8221; global_colors_info=&#8221;{}&#8221;][et_pb_column type=&#8221;4_4&#8243; _builder_version=&#8221;4.16&#8243; custom_padding=&#8221;|||&#8221; global_colors_info=&#8221;{}&#8221; custom_padding__hover=&#8221;|||&#8221;][et_pb_image src=&#8221;https:\/\/medcatyachts.com\/\/wp-content\/uploads\/2020\/12\/logo-zar-mini-color.png&#8221; alt=&#8221;Zar-Mini-Logo&#8221; title_text=&#8221;Zar mini&#8221; align=&#8221;center&#8221; _builder_version=&#8221;4.17.4&#8243; _module_preset=&#8221;default&#8221; global_colors_info=&#8221;{}&#8221;][\/et_pb_image][\/et_pb_column][\/et_pb_row][et_pb_row _builder_version=&#8221;4.16&#8243; custom_margin=&#8221;|||&#8221; custom_padding=&#8221;0|0px|27px|0px|false|false&#8221; global_colors_info=&#8221;{}&#8221;][et_pb_column type=&#8221;4_4&#8243; _builder_version=&#8221;4.16&#8243; custom_padding=&#8221;|||&#8221; global_colors_info=&#8221;{}&#8221; custom_padding__hover=&#8221;|||&#8221;][et_pb_text _builder_version=&#8221;4.17.4&#8243; [&hellip;]\" \/>\n<meta property=\"og:url\" content=\"https:\/\/medcatyachts.com\/en\/marca-zar-mini\/\" \/>\n<meta property=\"og:site_name\" content=\"Med Cat Yachts\" \/>\n<meta property=\"article:publisher\" content=\"https:\/\/www.facebook.com\/medcatyachts\" \/>\n<meta property=\"article:modified_time\" content=\"2023-08-23T09:18:00+00:00\" \/>\n<meta property=\"og:image\" content=\"https:\/\/medcatyachts.com\/wp-content\/uploads\/2022\/08\/LUX18-5-1500x999-1.jpeg\" \/>\n\t<meta property=\"og:image:width\" content=\"1500\" \/>\n\t<meta property=\"og:image:height\" content=\"999\" \/>\n\t<meta property=\"og:image:type\" content=\"image\/jpeg\" \/>\n<meta name=\"twitter:card\" content=\"summary_large_image\" \/>\n<meta name=\"twitter:site\" content=\"@medcatyachts\" \/>\n<script type=\"application\/ld+json\" class=\"yoast-schema-graph\">{\"@context\":\"https:\\\/\\\/schema.org\",\"@graph\":[{\"@type\":\"WebPage\",\"@id\":\"https:\\\/\\\/medcatyachts.com\\\/en\\\/marca-zar-mini\\\/\",\"url\":\"https:\\\/\\\/medcatyachts.com\\\/en\\\/marca-zar-mini\\\/\",\"name\":\"Marca - Zar Mini - Med Cat Yachts\",\"isPartOf\":{\"@id\":\"https:\\\/\\\/medcatyachts.com\\\/en\\\/#website\"},\"primaryImageOfPage\":{\"@id\":\"https:\\\/\\\/medcatyachts.com\\\/en\\\/marca-zar-mini\\\/#primaryimage\"},\"image\":{\"@id\":\"https:\\\/\\\/medcatyachts.com\\\/en\\\/marca-zar-mini\\\/#primaryimage\"},\"thumbnailUrl\":\"https:\\\/\\\/medcatyachts.com\\\/wp-content\\\/uploads\\\/2022\\\/08\\\/LUX18-5-1500x999-1.jpeg\",\"datePublished\":\"2020-07-27T09:53:34+00:00\",\"dateModified\":\"2023-08-23T09:18:00+00:00\",\"breadcrumb\":{\"@id\":\"https:\\\/\\\/medcatyachts.com\\\/en\\\/marca-zar-mini\\\/#breadcrumb\"},\"inLanguage\":\"en-US\",\"potentialAction\":[{\"@type\":\"ReadAction\",\"target\":[\"https:\\\/\\\/medcatyachts.com\\\/en\\\/marca-zar-mini\\\/\"]}]},{\"@type\":\"ImageObject\",\"inLanguage\":\"en-US\",\"@id\":\"https:\\\/\\\/medcatyachts.com\\\/en\\\/marca-zar-mini\\\/#primaryimage\",\"url\":\"https:\\\/\\\/medcatyachts.com\\\/wp-content\\\/uploads\\\/2022\\\/08\\\/LUX18-5-1500x999-1.jpeg\",\"contentUrl\":\"https:\\\/\\\/medcatyachts.com\\\/wp-content\\\/uploads\\\/2022\\\/08\\\/LUX18-5-1500x999-1.jpeg\",\"width\":1500,\"height\":999},{\"@type\":\"BreadcrumbList\",\"@id\":\"https:\\\/\\\/medcatyachts.com\\\/en\\\/marca-zar-mini\\\/#breadcrumb\",\"itemListElement\":[{\"@type\":\"ListItem\",\"position\":1,\"name\":\"Portada\",\"item\":\"https:\\\/\\\/medcatyachts.com\\\/en\\\/\"},{\"@type\":\"ListItem\",\"position\":2,\"name\":\"Marca &#8211; Zar Mini\"}]},{\"@type\":\"WebSite\",\"@id\":\"https:\\\/\\\/medcatyachts.com\\\/en\\\/#website\",\"url\":\"https:\\\/\\\/medcatyachts.com\\\/en\\\/\",\"name\":\"Med Cat Yachts | Time to sail | Barcelona - Ibiza - Baleares\",\"description\":\"Alquiler de catamaranes\",\"publisher\":{\"@id\":\"https:\\\/\\\/medcatyachts.com\\\/en\\\/#organization\"},\"alternateName\":\"Med Cat Yachts\",\"potentialAction\":[{\"@type\":\"SearchAction\",\"target\":{\"@type\":\"EntryPoint\",\"urlTemplate\":\"https:\\\/\\\/medcatyachts.com\\\/en\\\/?s={search_term_string}\"},\"query-input\":{\"@type\":\"PropertyValueSpecification\",\"valueRequired\":true,\"valueName\":\"search_term_string\"}}],\"inLanguage\":\"en-US\"},{\"@type\":\"Organization\",\"@id\":\"https:\\\/\\\/medcatyachts.com\\\/en\\\/#organization\",\"name\":\"Med Cat Yachts\",\"url\":\"https:\\\/\\\/medcatyachts.com\\\/en\\\/\",\"logo\":{\"@type\":\"ImageObject\",\"inLanguage\":\"en-US\",\"@id\":\"https:\\\/\\\/medcatyachts.com\\\/en\\\/#\\\/schema\\\/logo\\\/image\\\/\",\"url\":\"https:\\\/\\\/medcatyachts.com\\\/wp-content\\\/uploads\\\/2023\\\/03\\\/med-cat-yachts-1-1.png\",\"contentUrl\":\"https:\\\/\\\/medcatyachts.com\\\/wp-content\\\/uploads\\\/2023\\\/03\\\/med-cat-yachts-1-1.png\",\"width\":225,\"height\":100,\"caption\":\"Med Cat Yachts\"},\"image\":{\"@id\":\"https:\\\/\\\/medcatyachts.com\\\/en\\\/#\\\/schema\\\/logo\\\/image\\\/\"},\"sameAs\":[\"https:\\\/\\\/www.facebook.com\\\/medcatyachts\",\"https:\\\/\\\/x.com\\\/medcatyachts\",\"https:\\\/\\\/www.instagra.com\\\/medcatyachts\"]}]}<\/script>\n<!-- \/ Yoast SEO plugin. -->","yoast_head_json":{"title":"Marca - Zar Mini - Med Cat Yachts","robots":{"index":"index","follow":"follow","max-snippet":"max-snippet:-1","max-image-preview":"max-image-preview:large","max-video-preview":"max-video-preview:-1"},"canonical":"https:\/\/medcatyachts.com\/en\/marca-zar-mini\/","og_locale":"en_US","og_type":"article","og_title":"Marca - Zar Mini - Med Cat Yachts","og_description":"[et_pb_section fb_built=&#8221;1&#8243; fullwidth=&#8221;on&#8221; _builder_version=&#8221;4.16&#8243; bottom_divider_color=&#8221;#ffffff&#8221; bottom_divider_height_tablet=&#8221;&#8221; bottom_divider_height_phone=&#8221;50px&#8221; bottom_divider_height_last_edited=&#8221;on|phone&#8221; animation_style=&#8221;slide&#8221; animation_direction=&#8221;top&#8221; animation_intensity_slide=&#8221;4%&#8221; global_colors_info=&#8221;{}&#8221;][et_pb_fullwidth_image src=&#8221;https:\/\/medcatyachts.com\/\/wp-content\/uploads\/2022\/08\/LUX18-5-1500&#215;999-1.jpeg&#8221; alt=&#8221;zarmini-luxury-18-rider-6&#8243; title_text=&#8221;LUX18-5-1500&#215;999&#8243; _builder_version=&#8221;4.17.4&#8243; custom_margin=&#8221;-96px|||||&#8221; custom_padding=&#8221;28px|||||&#8221; global_colors_info=&#8221;{}&#8221;][\/et_pb_fullwidth_image][\/et_pb_section][et_pb_section fb_built=&#8221;1&#8243; admin_label=&#8221;Features&#8221; _builder_version=&#8221;4.16&#8243; custom_padding=&#8221;|||&#8221; global_colors_info=&#8221;{}&#8221;][et_pb_row _builder_version=&#8221;4.16&#8243; background_size=&#8221;initial&#8221; background_position=&#8221;top_left&#8221; background_repeat=&#8221;repeat&#8221; max_width=&#8221;700px&#8221; use_custom_width=&#8221;on&#8221; custom_width_px=&#8221;700px&#8221; global_colors_info=&#8221;{}&#8221;][et_pb_column type=&#8221;4_4&#8243; _builder_version=&#8221;4.16&#8243; custom_padding=&#8221;|||&#8221; global_colors_info=&#8221;{}&#8221; custom_padding__hover=&#8221;|||&#8221;][et_pb_image src=&#8221;https:\/\/medcatyachts.com\/\/wp-content\/uploads\/2020\/12\/logo-zar-mini-color.png&#8221; alt=&#8221;Zar-Mini-Logo&#8221; title_text=&#8221;Zar mini&#8221; align=&#8221;center&#8221; _builder_version=&#8221;4.17.4&#8243; _module_preset=&#8221;default&#8221; global_colors_info=&#8221;{}&#8221;][\/et_pb_image][\/et_pb_column][\/et_pb_row][et_pb_row _builder_version=&#8221;4.16&#8243; custom_margin=&#8221;|||&#8221; custom_padding=&#8221;0|0px|27px|0px|false|false&#8221; global_colors_info=&#8221;{}&#8221;][et_pb_column type=&#8221;4_4&#8243; _builder_version=&#8221;4.16&#8243; custom_padding=&#8221;|||&#8221; global_colors_info=&#8221;{}&#8221; custom_padding__hover=&#8221;|||&#8221;][et_pb_text _builder_version=&#8221;4.17.4&#8243; [&hellip;]","og_url":"https:\/\/medcatyachts.com\/en\/marca-zar-mini\/","og_site_name":"Med Cat Yachts","article_publisher":"https:\/\/www.facebook.com\/medcatyachts","article_modified_time":"2023-08-23T09:18:00+00:00","og_image":[{"width":1500,"height":999,"url":"https:\/\/medcatyachts.com\/wp-content\/uploads\/2022\/08\/LUX18-5-1500x999-1.jpeg","type":"image\/jpeg"}],"twitter_card":"summary_large_image","twitter_site":"@medcatyachts","schema":{"@context":"https:\/\/schema.org","@graph":[{"@type":"WebPage","@id":"https:\/\/medcatyachts.com\/en\/marca-zar-mini\/","url":"https:\/\/medcatyachts.com\/en\/marca-zar-mini\/","name":"Marca - Zar Mini - Med Cat Yachts","isPartOf":{"@id":"https:\/\/medcatyachts.com\/en\/#website"},"primaryImageOfPage":{"@id":"https:\/\/medcatyachts.com\/en\/marca-zar-mini\/#primaryimage"},"image":{"@id":"https:\/\/medcatyachts.com\/en\/marca-zar-mini\/#primaryimage"},"thumbnailUrl":"https:\/\/medcatyachts.com\/wp-content\/uploads\/2022\/08\/LUX18-5-1500x999-1.jpeg","datePublished":"2020-07-27T09:53:34+00:00","dateModified":"2023-08-23T09:18:00+00:00","breadcrumb":{"@id":"https:\/\/medcatyachts.com\/en\/marca-zar-mini\/#breadcrumb"},"inLanguage":"en-US","potentialAction":[{"@type":"ReadAction","target":["https:\/\/medcatyachts.com\/en\/marca-zar-mini\/"]}]},{"@type":"ImageObject","inLanguage":"en-US","@id":"https:\/\/medcatyachts.com\/en\/marca-zar-mini\/#primaryimage","url":"https:\/\/medcatyachts.com\/wp-content\/uploads\/2022\/08\/LUX18-5-1500x999-1.jpeg","contentUrl":"https:\/\/medcatyachts.com\/wp-content\/uploads\/2022\/08\/LUX18-5-1500x999-1.jpeg","width":1500,"height":999},{"@type":"BreadcrumbList","@id":"https:\/\/medcatyachts.com\/en\/marca-zar-mini\/#breadcrumb","itemListElement":[{"@type":"ListItem","position":1,"name":"Portada","item":"https:\/\/medcatyachts.com\/en\/"},{"@type":"ListItem","position":2,"name":"Marca &#8211; Zar Mini"}]},{"@type":"WebSite","@id":"https:\/\/medcatyachts.com\/en\/#website","url":"https:\/\/medcatyachts.com\/en\/","name":"Med Cat Yachts | Time to sail | Barcelona - Ibiza - Baleares","description":"Alquiler de catamaranes","publisher":{"@id":"https:\/\/medcatyachts.com\/en\/#organization"},"alternateName":"Med Cat Yachts","potentialAction":[{"@type":"SearchAction","target":{"@type":"EntryPoint","urlTemplate":"https:\/\/medcatyachts.com\/en\/?s={search_term_string}"},"query-input":{"@type":"PropertyValueSpecification","valueRequired":true,"valueName":"search_term_string"}}],"inLanguage":"en-US"},{"@type":"Organization","@id":"https:\/\/medcatyachts.com\/en\/#organization","name":"Med Cat Yachts","url":"https:\/\/medcatyachts.com\/en\/","logo":{"@type":"ImageObject","inLanguage":"en-US","@id":"https:\/\/medcatyachts.com\/en\/#\/schema\/logo\/image\/","url":"https:\/\/medcatyachts.com\/wp-content\/uploads\/2023\/03\/med-cat-yachts-1-1.png","contentUrl":"https:\/\/medcatyachts.com\/wp-content\/uploads\/2023\/03\/med-cat-yachts-1-1.png","width":225,"height":100,"caption":"Med Cat Yachts"},"image":{"@id":"https:\/\/medcatyachts.com\/en\/#\/schema\/logo\/image\/"},"sameAs":["https:\/\/www.facebook.com\/medcatyachts","https:\/\/x.com\/medcatyachts","https:\/\/www.instagra.com\/medcatyachts"]}]}},"_links":{"self":[{"href":"https:\/\/medcatyachts.com\/en\/wp-json\/wp\/v2\/pages\/5857","targetHints":{"allow":["GET"]}}],"collection":[{"href":"https:\/\/medcatyachts.com\/en\/wp-json\/wp\/v2\/pages"}],"about":[{"href":"https:\/\/medcatyachts.com\/en\/wp-json\/wp\/v2\/types\/page"}],"author":[{"embeddable":true,"href":"https:\/\/medcatyachts.com\/en\/wp-json\/wp\/v2\/users\/1"}],"replies":[{"embeddable":true,"href":"https:\/\/medcatyachts.com\/en\/wp-json\/wp\/v2\/comments?post=5857"}],"version-history":[{"count":0,"href":"https:\/\/medcatyachts.com\/en\/wp-json\/wp\/v2\/pages\/5857\/revisions"}],"wp:featuredmedia":[{"embeddable":true,"href":"https:\/\/medcatyachts.com\/en\/wp-json\/wp\/v2\/media\/5303"}],"wp:attachment":[{"href":"https:\/\/medcatyachts.com\/en\/wp-json\/wp\/v2\/media?parent=5857"}],"curies":[{"name":"wp","href":"https:\/\/api.w.org\/{rel}","templated":true}]}}