{"id":11639,"date":"2025-07-14T10:54:39","date_gmt":"2025-07-14T10:54:39","guid":{"rendered":"https:\/\/medcatyachts.com\/?post_type=product&#038;p=11639"},"modified":"2025-07-14T10:54:39","modified_gmt":"2025-07-14T10:54:39","slug":"bali-catsmart-dortoka","status":"publish","type":"product","link":"https:\/\/medcatyachts.com\/en\/producto\/bali-catsmart-dortoka\/","title":{"rendered":"Bali Catsmart &#8211; Dortoka"},"content":{"rendered":"<p><span lang=\"EN-US\">Set sail on an unforgettable adventure aboard the\u00a0<strong>Bali Catsmart<\/strong>, the ideal catamaran for exploring the breathtaking coasts of <strong>Menorca<\/strong>. With its\u00a0innovative, spacious, and modern design,\u00a0<strong>Dortoka<\/strong>\u00a0guarantees\u00a0maximum comfort, stability, and luxury\u00a0during your time at sea. Perfect for groups seeking\u00a0privacy, relaxation, and the best of the <strong>Mediterranean<\/strong>, this catamaran becomes your\u00a0floating home, allowing you to\u00a0sail through crystal-clear waters in style.<\/span><\/p>\n<p>&nbsp;<\/p>\n<h3><span lang=\"EN-US\">The perfect catamaran for an unmatched experience<\/span><\/h3>\n<p>\ud83d\udea2<span lang=\"EN-US\">\u00a0Modern design &amp; open spaces:\u00a0The salon and kitchen merge into a single, airy space, featuring the signature\u00a0Bali tilting door, which, when open, seamlessly integrates the aft deck with the interior.<\/span><\/p>\n<p>\ud83d\udecf\ufe0f<span lang=\"EN-US\">\u00a0Comfort &amp; privacy:\u00a0<strong>Dortoka<\/strong>\u00a0accommodates up to\u00a08 guests\u00a0in\u00a04 double cabins\u00a0with\u00a02 full bathrooms, ensuring a relaxing and private stay.<\/span><\/p>\n<p>\ud83c\udf7d\ufe0f<span lang=\"EN-US\">\u00a0Professional crew:\u00a0To make your experience completely stress-free, a\u00a0professional skipper\u00a0will handle navigation and ensure a\u00a0safe and enjoyable journey. You also have the option to\u00a0add a hostess\u00a0for personalized service and attention to every detail. If desired, you can\u00a0hire a private chef\u00a0to prepare\u00a0exquisite meals\u00a0onboard, using\u00a0fresh, local ingredients from <strong>Menorca<\/strong>\u2014turning your trip into a\u00a0unique gastronomic experience.<\/span><\/p>\n<p>\ud83c\udf1e<span lang=\"EN-US\">\u00a0Relaxation &amp; leisure areas:\u00a0Lounge on the\u00a0foredeck sun pads\u00a0and enjoy unforgettable moments with your loved ones over a\u00a0sunset dinner\u00a0with stunning views of <strong>Menorca<\/strong>\u2019s coastline.<\/span><\/p>\n<p>&nbsp;<\/p>\n<h3>Luxury &amp; comfort aboard Bali Catsmart<\/h3>\n<p>Designed for\u00a0the perfect balance of comfort and style, the <strong>Bali Catsmart<\/strong> accommodates\u00a0up to 8 guests, featuring\u00a0spacious cabins, large lounges, and an expansive outdoor terrace. Whether\u00a0basking in the sun, enjoying an al fresco meal, or socializing in the open-concept deck, you\u2019ll experience the true essence of<strong> Mediterranean<\/strong> sailing. Discover <strong>Menorca<\/strong> in exclusive style \u2013 Your adventure awaits!<\/p>\n<p>&nbsp;<\/p>\n<p>\ud83d\udcc5\u00a0Weekly charters \u2013\u00a0Book your experience and sail through <strong>Menorca<\/strong> with total luxury and comfort.\u00a0\ud83c\udf0a\u2728<\/p>\n<p><iframe loading=\"lazy\" title=\"BALI CATSMART\" width=\"500\" height=\"281\" src=\"https:\/\/www.youtube.com\/embed\/jxIy1g_f968?feature=oembed&#038;enablejsapi=1&#038;origin=https:\/\/medcatyachts.com\" frameborder=\"0\" allow=\"accelerometer; autoplay; clipboard-write; encrypted-media; gyroscope; picture-in-picture; web-share\" referrerpolicy=\"strict-origin-when-cross-origin\" allowfullscreen><\/iframe><\/p>\n","protected":false},"excerpt":{"rendered":"<p class=\"boat-highlight\">Emb\u00e1rcate en una aventura \u00fanica a bordo del magn\u00edfico barco Bali Catsmart<\/p>\n","protected":false},"featured_media":11480,"template":"","meta":{"_acf_changed":false},"barco":[],"product_brand":[],"product_cat":[189],"product_tag":[],"class_list":{"0":"post-11639","1":"product","2":"type-product","3":"status-publish","4":"has-post-thumbnail","6":"product_cat-charter-en","8":"first","9":"instock","10":"shipping-taxable","11":"product-type-simple"},"acf":[],"yoast_head":"<!-- This site is optimized with the Yoast SEO plugin v27.4 - https:\/\/yoast.com\/product\/yoast-seo-wordpress\/ -->\n<title>Bali Catsmart - Dortoka - Med Cat Yachts<\/title>\n<meta name=\"robots\" content=\"index, follow, max-snippet:-1, max-image-preview:large, max-video-preview:-1\" \/>\n<link rel=\"canonical\" href=\"https:\/\/medcatyachts.com\/en\/producto\/bali-catsmart-dortoka\/\" \/>\n<meta property=\"og:locale\" content=\"en_US\" \/>\n<meta property=\"og:type\" content=\"article\" \/>\n<meta property=\"og:title\" content=\"Bali Catsmart - Dortoka - Med Cat Yachts\" \/>\n<meta property=\"og:description\" content=\"Emb\u00e1rcate en una aventura \u00fanica a bordo del magn\u00edfico barco Bali Catsmart\" \/>\n<meta property=\"og:url\" content=\"https:\/\/medcatyachts.com\/en\/producto\/bali-catsmart-dortoka\/\" \/>\n<meta property=\"og:site_name\" content=\"Med Cat Yachts\" \/>\n<meta property=\"article:publisher\" content=\"https:\/\/www.facebook.com\/medcatyachts\" \/>\n<meta property=\"og:image\" content=\"https:\/\/medcatyachts.com\/wp-content\/uploads\/2025\/07\/bali-catsmart-dortoka-d2e09b1e-2.jpg\" \/>\n\t<meta property=\"og:image:width\" content=\"1024\" \/>\n\t<meta property=\"og:image:height\" content=\"768\" \/>\n\t<meta property=\"og:image:type\" content=\"image\/jpeg\" \/>\n<meta name=\"twitter:card\" content=\"summary_large_image\" \/>\n<meta name=\"twitter:site\" content=\"@medcatyachts\" \/>\n<meta name=\"twitter:label1\" content=\"Est. reading time\" \/>\n\t<meta name=\"twitter:data1\" content=\"2 minutes\" \/>\n<script type=\"application\/ld+json\" class=\"yoast-schema-graph\">{\"@context\":\"https:\\\/\\\/schema.org\",\"@graph\":[{\"@type\":\"WebPage\",\"@id\":\"https:\\\/\\\/medcatyachts.com\\\/en\\\/producto\\\/bali-catsmart-dortoka\\\/\",\"url\":\"https:\\\/\\\/medcatyachts.com\\\/en\\\/producto\\\/bali-catsmart-dortoka\\\/\",\"name\":\"Bali Catsmart - Dortoka - Med Cat Yachts\",\"isPartOf\":{\"@id\":\"https:\\\/\\\/medcatyachts.com\\\/en\\\/#website\"},\"primaryImageOfPage\":{\"@id\":\"https:\\\/\\\/medcatyachts.com\\\/en\\\/producto\\\/bali-catsmart-dortoka\\\/#primaryimage\"},\"image\":{\"@id\":\"https:\\\/\\\/medcatyachts.com\\\/en\\\/producto\\\/bali-catsmart-dortoka\\\/#primaryimage\"},\"thumbnailUrl\":\"https:\\\/\\\/medcatyachts.com\\\/wp-content\\\/uploads\\\/2025\\\/07\\\/bali-catsmart-dortoka-d2e09b1e-2.jpg\",\"datePublished\":\"2025-07-14T10:54:39+00:00\",\"breadcrumb\":{\"@id\":\"https:\\\/\\\/medcatyachts.com\\\/en\\\/producto\\\/bali-catsmart-dortoka\\\/#breadcrumb\"},\"inLanguage\":\"en-US\",\"potentialAction\":[{\"@type\":\"ReadAction\",\"target\":[\"https:\\\/\\\/medcatyachts.com\\\/en\\\/producto\\\/bali-catsmart-dortoka\\\/\"]}]},{\"@type\":\"ImageObject\",\"inLanguage\":\"en-US\",\"@id\":\"https:\\\/\\\/medcatyachts.com\\\/en\\\/producto\\\/bali-catsmart-dortoka\\\/#primaryimage\",\"url\":\"https:\\\/\\\/medcatyachts.com\\\/wp-content\\\/uploads\\\/2025\\\/07\\\/bali-catsmart-dortoka-d2e09b1e-2.jpg\",\"contentUrl\":\"https:\\\/\\\/medcatyachts.com\\\/wp-content\\\/uploads\\\/2025\\\/07\\\/bali-catsmart-dortoka-d2e09b1e-2.jpg\",\"width\":1024,\"height\":768},{\"@type\":\"BreadcrumbList\",\"@id\":\"https:\\\/\\\/medcatyachts.com\\\/en\\\/producto\\\/bali-catsmart-dortoka\\\/#breadcrumb\",\"itemListElement\":[{\"@type\":\"ListItem\",\"position\":1,\"name\":\"Portada\",\"item\":\"https:\\\/\\\/medcatyachts.com\\\/en\\\/\"},{\"@type\":\"ListItem\",\"position\":2,\"name\":\"Products\",\"item\":\"https:\\\/\\\/medcatyachts.com\\\/en\\\/shop\\\/\"},{\"@type\":\"ListItem\",\"position\":3,\"name\":\"Bali Catsmart &#8211; Dortoka\"}]},{\"@type\":\"WebSite\",\"@id\":\"https:\\\/\\\/medcatyachts.com\\\/en\\\/#website\",\"url\":\"https:\\\/\\\/medcatyachts.com\\\/en\\\/\",\"name\":\"Med Cat Yachts | Time to sail | Barcelona - Ibiza - Baleares\",\"description\":\"Alquiler de catamaranes\",\"publisher\":{\"@id\":\"https:\\\/\\\/medcatyachts.com\\\/en\\\/#organization\"},\"alternateName\":\"Med Cat Yachts\",\"potentialAction\":[{\"@type\":\"SearchAction\",\"target\":{\"@type\":\"EntryPoint\",\"urlTemplate\":\"https:\\\/\\\/medcatyachts.com\\\/en\\\/?s={search_term_string}\"},\"query-input\":{\"@type\":\"PropertyValueSpecification\",\"valueRequired\":true,\"valueName\":\"search_term_string\"}}],\"inLanguage\":\"en-US\"},{\"@type\":\"Organization\",\"@id\":\"https:\\\/\\\/medcatyachts.com\\\/en\\\/#organization\",\"name\":\"Med Cat Yachts\",\"url\":\"https:\\\/\\\/medcatyachts.com\\\/en\\\/\",\"logo\":{\"@type\":\"ImageObject\",\"inLanguage\":\"en-US\",\"@id\":\"https:\\\/\\\/medcatyachts.com\\\/en\\\/#\\\/schema\\\/logo\\\/image\\\/\",\"url\":\"https:\\\/\\\/medcatyachts.com\\\/wp-content\\\/uploads\\\/2023\\\/03\\\/med-cat-yachts-1-1.png\",\"contentUrl\":\"https:\\\/\\\/medcatyachts.com\\\/wp-content\\\/uploads\\\/2023\\\/03\\\/med-cat-yachts-1-1.png\",\"width\":225,\"height\":100,\"caption\":\"Med Cat Yachts\"},\"image\":{\"@id\":\"https:\\\/\\\/medcatyachts.com\\\/en\\\/#\\\/schema\\\/logo\\\/image\\\/\"},\"sameAs\":[\"https:\\\/\\\/www.facebook.com\\\/medcatyachts\",\"https:\\\/\\\/x.com\\\/medcatyachts\",\"https:\\\/\\\/www.instagra.com\\\/medcatyachts\"]}]}<\/script>\n<!-- \/ Yoast SEO plugin. -->","yoast_head_json":{"title":"Bali Catsmart - Dortoka - Med Cat Yachts","robots":{"index":"index","follow":"follow","max-snippet":"max-snippet:-1","max-image-preview":"max-image-preview:large","max-video-preview":"max-video-preview:-1"},"canonical":"https:\/\/medcatyachts.com\/en\/producto\/bali-catsmart-dortoka\/","og_locale":"en_US","og_type":"article","og_title":"Bali Catsmart - Dortoka - Med Cat Yachts","og_description":"Emb\u00e1rcate en una aventura \u00fanica a bordo del magn\u00edfico barco Bali Catsmart","og_url":"https:\/\/medcatyachts.com\/en\/producto\/bali-catsmart-dortoka\/","og_site_name":"Med Cat Yachts","article_publisher":"https:\/\/www.facebook.com\/medcatyachts","og_image":[{"width":1024,"height":768,"url":"https:\/\/medcatyachts.com\/wp-content\/uploads\/2025\/07\/bali-catsmart-dortoka-d2e09b1e-2.jpg","type":"image\/jpeg"}],"twitter_card":"summary_large_image","twitter_site":"@medcatyachts","twitter_misc":{"Est. reading time":"2 minutes"},"schema":{"@context":"https:\/\/schema.org","@graph":[{"@type":"WebPage","@id":"https:\/\/medcatyachts.com\/en\/producto\/bali-catsmart-dortoka\/","url":"https:\/\/medcatyachts.com\/en\/producto\/bali-catsmart-dortoka\/","name":"Bali Catsmart - Dortoka - Med Cat Yachts","isPartOf":{"@id":"https:\/\/medcatyachts.com\/en\/#website"},"primaryImageOfPage":{"@id":"https:\/\/medcatyachts.com\/en\/producto\/bali-catsmart-dortoka\/#primaryimage"},"image":{"@id":"https:\/\/medcatyachts.com\/en\/producto\/bali-catsmart-dortoka\/#primaryimage"},"thumbnailUrl":"https:\/\/medcatyachts.com\/wp-content\/uploads\/2025\/07\/bali-catsmart-dortoka-d2e09b1e-2.jpg","datePublished":"2025-07-14T10:54:39+00:00","breadcrumb":{"@id":"https:\/\/medcatyachts.com\/en\/producto\/bali-catsmart-dortoka\/#breadcrumb"},"inLanguage":"en-US","potentialAction":[{"@type":"ReadAction","target":["https:\/\/medcatyachts.com\/en\/producto\/bali-catsmart-dortoka\/"]}]},{"@type":"ImageObject","inLanguage":"en-US","@id":"https:\/\/medcatyachts.com\/en\/producto\/bali-catsmart-dortoka\/#primaryimage","url":"https:\/\/medcatyachts.com\/wp-content\/uploads\/2025\/07\/bali-catsmart-dortoka-d2e09b1e-2.jpg","contentUrl":"https:\/\/medcatyachts.com\/wp-content\/uploads\/2025\/07\/bali-catsmart-dortoka-d2e09b1e-2.jpg","width":1024,"height":768},{"@type":"BreadcrumbList","@id":"https:\/\/medcatyachts.com\/en\/producto\/bali-catsmart-dortoka\/#breadcrumb","itemListElement":[{"@type":"ListItem","position":1,"name":"Portada","item":"https:\/\/medcatyachts.com\/en\/"},{"@type":"ListItem","position":2,"name":"Products","item":"https:\/\/medcatyachts.com\/en\/shop\/"},{"@type":"ListItem","position":3,"name":"Bali Catsmart &#8211; Dortoka"}]},{"@type":"WebSite","@id":"https:\/\/medcatyachts.com\/en\/#website","url":"https:\/\/medcatyachts.com\/en\/","name":"Med Cat Yachts | Time to sail | Barcelona - Ibiza - Baleares","description":"Alquiler de catamaranes","publisher":{"@id":"https:\/\/medcatyachts.com\/en\/#organization"},"alternateName":"Med Cat Yachts","potentialAction":[{"@type":"SearchAction","target":{"@type":"EntryPoint","urlTemplate":"https:\/\/medcatyachts.com\/en\/?s={search_term_string}"},"query-input":{"@type":"PropertyValueSpecification","valueRequired":true,"valueName":"search_term_string"}}],"inLanguage":"en-US"},{"@type":"Organization","@id":"https:\/\/medcatyachts.com\/en\/#organization","name":"Med Cat Yachts","url":"https:\/\/medcatyachts.com\/en\/","logo":{"@type":"ImageObject","inLanguage":"en-US","@id":"https:\/\/medcatyachts.com\/en\/#\/schema\/logo\/image\/","url":"https:\/\/medcatyachts.com\/wp-content\/uploads\/2023\/03\/med-cat-yachts-1-1.png","contentUrl":"https:\/\/medcatyachts.com\/wp-content\/uploads\/2023\/03\/med-cat-yachts-1-1.png","width":225,"height":100,"caption":"Med Cat Yachts"},"image":{"@id":"https:\/\/medcatyachts.com\/en\/#\/schema\/logo\/image\/"},"sameAs":["https:\/\/www.facebook.com\/medcatyachts","https:\/\/x.com\/medcatyachts","https:\/\/www.instagra.com\/medcatyachts"]}]}},"_links":{"self":[{"href":"https:\/\/medcatyachts.com\/en\/wp-json\/wp\/v2\/product\/11639","targetHints":{"allow":["GET"]}}],"collection":[{"href":"https:\/\/medcatyachts.com\/en\/wp-json\/wp\/v2\/product"}],"about":[{"href":"https:\/\/medcatyachts.com\/en\/wp-json\/wp\/v2\/types\/product"}],"wp:featuredmedia":[{"embeddable":true,"href":"https:\/\/medcatyachts.com\/en\/wp-json\/wp\/v2\/media\/11480"}],"wp:attachment":[{"href":"https:\/\/medcatyachts.com\/en\/wp-json\/wp\/v2\/media?parent=11639"}],"wp:term":[{"taxonomy":"barco","embeddable":true,"href":"https:\/\/medcatyachts.com\/en\/wp-json\/wp\/v2\/barco?post=11639"},{"taxonomy":"product_brand","embeddable":true,"href":"https:\/\/medcatyachts.com\/en\/wp-json\/wp\/v2\/product_brand?post=11639"},{"taxonomy":"product_cat","embeddable":true,"href":"https:\/\/medcatyachts.com\/en\/wp-json\/wp\/v2\/product_cat?post=11639"},{"taxonomy":"product_tag","embeddable":true,"href":"https:\/\/medcatyachts.com\/en\/wp-json\/wp\/v2\/product_tag?post=11639"}],"curies":[{"name":"wp","href":"https:\/\/api.w.org\/{rel}","templated":true}]}}