{"id":8983,"date":"2025-02-06T16:35:47","date_gmt":"2025-02-06T16:35:47","guid":{"rendered":"https:\/\/medcatyachts.com\/\/?post_type=product&#038;p=8983"},"modified":"2025-05-02T10:26:38","modified_gmt":"2025-05-02T10:26:38","slug":"sunreef-supreme-68-rosa-del-mar","status":"publish","type":"product","link":"https:\/\/medcatyachts.com\/en\/producto\/sunreef-supreme-68-rosa-del-mar\/","title":{"rendered":"Sunreef Supreme 68 Rosa del Mar"},"content":{"rendered":"<div class=\"page\" title=\"Page 2\">\n<div class=\"section\">\n<div class=\"layoutArea\">\n<div class=\"column\">\n<div class=\"page\" title=\"Page 3\">\n<div class=\"section\">\n<div class=\"layoutArea\">\n<div class=\"column\">\n<p>Rosa del Mar is a declination of the<strong> Supreme 68<\/strong> <strong>line of Sunreef Yachts<\/strong> that stands out for its technical, innovative solutions and habitability. With a length of 21 m, it boasts a living space worthy of a superyacht, namely 300 m2. Like its sailing counterpart, the Supreme 68 Power has an architecture and superstructure design that allows it to keep the saloon, owner&#8217;s cabin and outside deck on the same level.<\/p>\n<p>The saloon framed by a 360\u00b0 window opens up to the cockpit and gangways. This creates a large indoor\/outdoor space when the sails are folded down on each side of the yacht. The yacht&#8217;s 65 m2 nacelle houses a large owner&#8217;s cabin with access to the front terrace and its spa. At the rear, a huge garage can store a large tender and many water toys. In the lowered position, the door creates a platform over the water, to enjoy the sea or indulge in water sports. A technical space that is quite surprising for a boat of less than 70 feet.<br \/>\nThe interior provides an elegant and unique layout.<\/p>\n<p>On the flybridge, covered with a bimini top that houses the cockpit, there is a bar, dining area and sunbathing areas.<\/p>\n<p>The <strong>Supreme 68 <\/strong>Power is equipped with 2 x 500HP engine for maximum performance and manoeuvrability. A joystick is installed in the cockpit, as well as a Yacht Controller remote control and rear cameras for easy docking. With a fuel capacity of 8500 L, Rosa del Mar has a huge range, almost 900NM, with very low fuel consumption.<\/p>\n<\/div>\n<\/div>\n<\/div>\n<\/div>\n<\/div>\n<\/div>\n<\/div>\n<\/div>\n","protected":false},"excerpt":{"rendered":"<p>Rosa del Mar is a declination of the <strong>Supreme 68 line of Sunreef Yachts<\/strong> that stands out for its innovative technical solutions and habitability. With a length of 21 m, she has a living space worthy of a superyacht, namely 300 m2.<\/p>\n<p>&nbsp;<\/p>\n","protected":false},"featured_media":8985,"template":"","meta":{"_acf_changed":false},"barco":[],"product_brand":[],"product_cat":[124],"product_tag":[],"class_list":{"0":"post-8983","1":"product","2":"type-product","3":"status-publish","4":"has-post-thumbnail","6":"product_cat-catamarans-en","8":"first","9":"instock","10":"shipping-taxable","11":"purchasable","12":"product-type-simple"},"acf":[],"yoast_head":"<!-- This site is optimized with the Yoast SEO plugin v27.4 - https:\/\/yoast.com\/product\/yoast-seo-wordpress\/ -->\n<title>Sunreef Supreme 68 Rosa del Mar - Med Cat Yachts<\/title>\n<meta name=\"description\" content=\"Rosa del Mar es una declinaci\u00f3n de la l\u00ednea Supreme 68 de Sunreef Yachts que destaca por sus soluciones t\u00e9cnicas innovadoras y habitabilidad.\" \/>\n<meta name=\"robots\" content=\"index, follow, max-snippet:-1, max-image-preview:large, max-video-preview:-1\" \/>\n<link rel=\"canonical\" href=\"https:\/\/medcatyachts.com\/en\/producto\/sunreef-supreme-68-rosa-del-mar\/\" \/>\n<meta property=\"og:locale\" content=\"en_US\" \/>\n<meta property=\"og:type\" content=\"article\" \/>\n<meta property=\"og:title\" content=\"Sunreef Supreme 68 Rosa del Mar - Med Cat Yachts\" \/>\n<meta property=\"og:description\" content=\"Rosa del Mar es una declinaci\u00f3n de la l\u00ednea Supreme 68 de Sunreef Yachts que destaca por sus soluciones t\u00e9cnicas innovadoras y habitabilidad.\" \/>\n<meta property=\"og:url\" content=\"https:\/\/medcatyachts.com\/en\/producto\/sunreef-supreme-68-rosa-del-mar\/\" \/>\n<meta property=\"og:site_name\" content=\"Med Cat Yachts\" \/>\n<meta property=\"article:publisher\" content=\"https:\/\/www.facebook.com\/medcatyachts\" \/>\n<meta property=\"article:modified_time\" content=\"2025-05-02T10:26:38+00:00\" \/>\n<meta property=\"og:image\" content=\"https:\/\/medcatyachts.com\/wp-content\/uploads\/2025\/02\/rosa-del-mar-1.png\" \/>\n\t<meta property=\"og:image:width\" content=\"1357\" \/>\n\t<meta property=\"og:image:height\" content=\"811\" \/>\n\t<meta property=\"og:image:type\" content=\"image\/png\" \/>\n<meta name=\"twitter:card\" content=\"summary_large_image\" \/>\n<meta name=\"twitter:site\" content=\"@medcatyachts\" \/>\n<meta name=\"twitter:label1\" content=\"Est. reading time\" \/>\n\t<meta name=\"twitter:data1\" content=\"2 minutes\" \/>\n<script type=\"application\/ld+json\" class=\"yoast-schema-graph\">{\"@context\":\"https:\\\/\\\/schema.org\",\"@graph\":[{\"@type\":\"WebPage\",\"@id\":\"https:\\\/\\\/medcatyachts.com\\\/en\\\/producto\\\/sunreef-supreme-68-rosa-del-mar\\\/\",\"url\":\"https:\\\/\\\/medcatyachts.com\\\/en\\\/producto\\\/sunreef-supreme-68-rosa-del-mar\\\/\",\"name\":\"Sunreef Supreme 68 Rosa del Mar - Med Cat Yachts\",\"isPartOf\":{\"@id\":\"https:\\\/\\\/medcatyachts.com\\\/en\\\/#website\"},\"primaryImageOfPage\":{\"@id\":\"https:\\\/\\\/medcatyachts.com\\\/en\\\/producto\\\/sunreef-supreme-68-rosa-del-mar\\\/#primaryimage\"},\"image\":{\"@id\":\"https:\\\/\\\/medcatyachts.com\\\/en\\\/producto\\\/sunreef-supreme-68-rosa-del-mar\\\/#primaryimage\"},\"thumbnailUrl\":\"https:\\\/\\\/medcatyachts.com\\\/wp-content\\\/uploads\\\/2025\\\/02\\\/rosa-del-mar-1.png\",\"datePublished\":\"2025-02-06T16:35:47+00:00\",\"dateModified\":\"2025-05-02T10:26:38+00:00\",\"description\":\"Rosa del Mar es una declinaci\u00f3n de la l\u00ednea Supreme 68 de Sunreef Yachts que destaca por sus soluciones t\u00e9cnicas innovadoras y habitabilidad.\",\"breadcrumb\":{\"@id\":\"https:\\\/\\\/medcatyachts.com\\\/en\\\/producto\\\/sunreef-supreme-68-rosa-del-mar\\\/#breadcrumb\"},\"inLanguage\":\"en-US\",\"potentialAction\":[{\"@type\":\"ReadAction\",\"target\":[\"https:\\\/\\\/medcatyachts.com\\\/en\\\/producto\\\/sunreef-supreme-68-rosa-del-mar\\\/\"]}]},{\"@type\":\"ImageObject\",\"inLanguage\":\"en-US\",\"@id\":\"https:\\\/\\\/medcatyachts.com\\\/en\\\/producto\\\/sunreef-supreme-68-rosa-del-mar\\\/#primaryimage\",\"url\":\"https:\\\/\\\/medcatyachts.com\\\/wp-content\\\/uploads\\\/2025\\\/02\\\/rosa-del-mar-1.png\",\"contentUrl\":\"https:\\\/\\\/medcatyachts.com\\\/wp-content\\\/uploads\\\/2025\\\/02\\\/rosa-del-mar-1.png\",\"width\":1357,\"height\":811},{\"@type\":\"BreadcrumbList\",\"@id\":\"https:\\\/\\\/medcatyachts.com\\\/en\\\/producto\\\/sunreef-supreme-68-rosa-del-mar\\\/#breadcrumb\",\"itemListElement\":[{\"@type\":\"ListItem\",\"position\":1,\"name\":\"Portada\",\"item\":\"https:\\\/\\\/medcatyachts.com\\\/en\\\/\"},{\"@type\":\"ListItem\",\"position\":2,\"name\":\"Products\",\"item\":\"https:\\\/\\\/medcatyachts.com\\\/en\\\/shop\\\/\"},{\"@type\":\"ListItem\",\"position\":3,\"name\":\"Sunreef Supreme 68 Rosa del Mar\"}]},{\"@type\":\"WebSite\",\"@id\":\"https:\\\/\\\/medcatyachts.com\\\/en\\\/#website\",\"url\":\"https:\\\/\\\/medcatyachts.com\\\/en\\\/\",\"name\":\"Med Cat Yachts | Time to sail | Barcelona - Ibiza - Baleares\",\"description\":\"Alquiler de catamaranes\",\"publisher\":{\"@id\":\"https:\\\/\\\/medcatyachts.com\\\/en\\\/#organization\"},\"alternateName\":\"Med Cat Yachts\",\"potentialAction\":[{\"@type\":\"SearchAction\",\"target\":{\"@type\":\"EntryPoint\",\"urlTemplate\":\"https:\\\/\\\/medcatyachts.com\\\/en\\\/?s={search_term_string}\"},\"query-input\":{\"@type\":\"PropertyValueSpecification\",\"valueRequired\":true,\"valueName\":\"search_term_string\"}}],\"inLanguage\":\"en-US\"},{\"@type\":\"Organization\",\"@id\":\"https:\\\/\\\/medcatyachts.com\\\/en\\\/#organization\",\"name\":\"Med Cat Yachts\",\"url\":\"https:\\\/\\\/medcatyachts.com\\\/en\\\/\",\"logo\":{\"@type\":\"ImageObject\",\"inLanguage\":\"en-US\",\"@id\":\"https:\\\/\\\/medcatyachts.com\\\/en\\\/#\\\/schema\\\/logo\\\/image\\\/\",\"url\":\"https:\\\/\\\/medcatyachts.com\\\/wp-content\\\/uploads\\\/2023\\\/03\\\/med-cat-yachts-1-1.png\",\"contentUrl\":\"https:\\\/\\\/medcatyachts.com\\\/wp-content\\\/uploads\\\/2023\\\/03\\\/med-cat-yachts-1-1.png\",\"width\":225,\"height\":100,\"caption\":\"Med Cat Yachts\"},\"image\":{\"@id\":\"https:\\\/\\\/medcatyachts.com\\\/en\\\/#\\\/schema\\\/logo\\\/image\\\/\"},\"sameAs\":[\"https:\\\/\\\/www.facebook.com\\\/medcatyachts\",\"https:\\\/\\\/x.com\\\/medcatyachts\",\"https:\\\/\\\/www.instagra.com\\\/medcatyachts\"]}]}<\/script>\n<!-- \/ Yoast SEO plugin. -->","yoast_head_json":{"title":"Sunreef Supreme 68 Rosa del Mar - Med Cat Yachts","description":"Rosa del Mar es una declinaci\u00f3n de la l\u00ednea Supreme 68 de Sunreef Yachts que destaca por sus soluciones t\u00e9cnicas innovadoras y habitabilidad.","robots":{"index":"index","follow":"follow","max-snippet":"max-snippet:-1","max-image-preview":"max-image-preview:large","max-video-preview":"max-video-preview:-1"},"canonical":"https:\/\/medcatyachts.com\/en\/producto\/sunreef-supreme-68-rosa-del-mar\/","og_locale":"en_US","og_type":"article","og_title":"Sunreef Supreme 68 Rosa del Mar - Med Cat Yachts","og_description":"Rosa del Mar es una declinaci\u00f3n de la l\u00ednea Supreme 68 de Sunreef Yachts que destaca por sus soluciones t\u00e9cnicas innovadoras y habitabilidad.","og_url":"https:\/\/medcatyachts.com\/en\/producto\/sunreef-supreme-68-rosa-del-mar\/","og_site_name":"Med Cat Yachts","article_publisher":"https:\/\/www.facebook.com\/medcatyachts","article_modified_time":"2025-05-02T10:26:38+00:00","og_image":[{"width":1357,"height":811,"url":"https:\/\/medcatyachts.com\/wp-content\/uploads\/2025\/02\/rosa-del-mar-1.png","type":"image\/png"}],"twitter_card":"summary_large_image","twitter_site":"@medcatyachts","twitter_misc":{"Est. reading time":"2 minutes"},"schema":{"@context":"https:\/\/schema.org","@graph":[{"@type":"WebPage","@id":"https:\/\/medcatyachts.com\/en\/producto\/sunreef-supreme-68-rosa-del-mar\/","url":"https:\/\/medcatyachts.com\/en\/producto\/sunreef-supreme-68-rosa-del-mar\/","name":"Sunreef Supreme 68 Rosa del Mar - Med Cat Yachts","isPartOf":{"@id":"https:\/\/medcatyachts.com\/en\/#website"},"primaryImageOfPage":{"@id":"https:\/\/medcatyachts.com\/en\/producto\/sunreef-supreme-68-rosa-del-mar\/#primaryimage"},"image":{"@id":"https:\/\/medcatyachts.com\/en\/producto\/sunreef-supreme-68-rosa-del-mar\/#primaryimage"},"thumbnailUrl":"https:\/\/medcatyachts.com\/wp-content\/uploads\/2025\/02\/rosa-del-mar-1.png","datePublished":"2025-02-06T16:35:47+00:00","dateModified":"2025-05-02T10:26:38+00:00","description":"Rosa del Mar es una declinaci\u00f3n de la l\u00ednea Supreme 68 de Sunreef Yachts que destaca por sus soluciones t\u00e9cnicas innovadoras y habitabilidad.","breadcrumb":{"@id":"https:\/\/medcatyachts.com\/en\/producto\/sunreef-supreme-68-rosa-del-mar\/#breadcrumb"},"inLanguage":"en-US","potentialAction":[{"@type":"ReadAction","target":["https:\/\/medcatyachts.com\/en\/producto\/sunreef-supreme-68-rosa-del-mar\/"]}]},{"@type":"ImageObject","inLanguage":"en-US","@id":"https:\/\/medcatyachts.com\/en\/producto\/sunreef-supreme-68-rosa-del-mar\/#primaryimage","url":"https:\/\/medcatyachts.com\/wp-content\/uploads\/2025\/02\/rosa-del-mar-1.png","contentUrl":"https:\/\/medcatyachts.com\/wp-content\/uploads\/2025\/02\/rosa-del-mar-1.png","width":1357,"height":811},{"@type":"BreadcrumbList","@id":"https:\/\/medcatyachts.com\/en\/producto\/sunreef-supreme-68-rosa-del-mar\/#breadcrumb","itemListElement":[{"@type":"ListItem","position":1,"name":"Portada","item":"https:\/\/medcatyachts.com\/en\/"},{"@type":"ListItem","position":2,"name":"Products","item":"https:\/\/medcatyachts.com\/en\/shop\/"},{"@type":"ListItem","position":3,"name":"Sunreef Supreme 68 Rosa del Mar"}]},{"@type":"WebSite","@id":"https:\/\/medcatyachts.com\/en\/#website","url":"https:\/\/medcatyachts.com\/en\/","name":"Med Cat Yachts | Time to sail | Barcelona - Ibiza - Baleares","description":"Alquiler de catamaranes","publisher":{"@id":"https:\/\/medcatyachts.com\/en\/#organization"},"alternateName":"Med Cat Yachts","potentialAction":[{"@type":"SearchAction","target":{"@type":"EntryPoint","urlTemplate":"https:\/\/medcatyachts.com\/en\/?s={search_term_string}"},"query-input":{"@type":"PropertyValueSpecification","valueRequired":true,"valueName":"search_term_string"}}],"inLanguage":"en-US"},{"@type":"Organization","@id":"https:\/\/medcatyachts.com\/en\/#organization","name":"Med Cat Yachts","url":"https:\/\/medcatyachts.com\/en\/","logo":{"@type":"ImageObject","inLanguage":"en-US","@id":"https:\/\/medcatyachts.com\/en\/#\/schema\/logo\/image\/","url":"https:\/\/medcatyachts.com\/wp-content\/uploads\/2023\/03\/med-cat-yachts-1-1.png","contentUrl":"https:\/\/medcatyachts.com\/wp-content\/uploads\/2023\/03\/med-cat-yachts-1-1.png","width":225,"height":100,"caption":"Med Cat Yachts"},"image":{"@id":"https:\/\/medcatyachts.com\/en\/#\/schema\/logo\/image\/"},"sameAs":["https:\/\/www.facebook.com\/medcatyachts","https:\/\/x.com\/medcatyachts","https:\/\/www.instagra.com\/medcatyachts"]}]}},"_links":{"self":[{"href":"https:\/\/medcatyachts.com\/en\/wp-json\/wp\/v2\/product\/8983","targetHints":{"allow":["GET"]}}],"collection":[{"href":"https:\/\/medcatyachts.com\/en\/wp-json\/wp\/v2\/product"}],"about":[{"href":"https:\/\/medcatyachts.com\/en\/wp-json\/wp\/v2\/types\/product"}],"wp:featuredmedia":[{"embeddable":true,"href":"https:\/\/medcatyachts.com\/en\/wp-json\/wp\/v2\/media\/8985"}],"wp:attachment":[{"href":"https:\/\/medcatyachts.com\/en\/wp-json\/wp\/v2\/media?parent=8983"}],"wp:term":[{"taxonomy":"barco","embeddable":true,"href":"https:\/\/medcatyachts.com\/en\/wp-json\/wp\/v2\/barco?post=8983"},{"taxonomy":"product_brand","embeddable":true,"href":"https:\/\/medcatyachts.com\/en\/wp-json\/wp\/v2\/product_brand?post=8983"},{"taxonomy":"product_cat","embeddable":true,"href":"https:\/\/medcatyachts.com\/en\/wp-json\/wp\/v2\/product_cat?post=8983"},{"taxonomy":"product_tag","embeddable":true,"href":"https:\/\/medcatyachts.com\/en\/wp-json\/wp\/v2\/product_tag?post=8983"}],"curies":[{"name":"wp","href":"https:\/\/api.w.org\/{rel}","templated":true}]}}